{"id":19,"date":"2022-01-24T10:30:02","date_gmt":"2022-01-24T10:30:02","guid":{"rendered":"https:\/\/www.lima.cat\/?page_id=19"},"modified":"2023-05-05T12:22:39","modified_gmt":"2023-05-05T12:22:39","slug":"inici","status":"publish","type":"page","link":"https:\/\/www.lima.cat\/ca\/","title":{"rendered":"Inici"},"content":{"rendered":"<p>[et_pb_section fb_built=&#8221;1&#8243; fullwidth=&#8221;on&#8221; _builder_version=&#8221;4.16&#8243; _module_preset=&#8221;default&#8221; background_color=&#8221;#FFFFFF&#8221; height=&#8221;100vh&#8221; global_colors_info=&#8221;{}&#8221;][et_pb_fullwidth_header admin_label=&#8221;Heades pantalla complerta&#8221; _builder_version=&#8221;4.21.0&#8243; _module_preset=&#8221;default&#8221; title_font=&#8221;|800|||||||&#8221; title_font_size=&#8221;60px&#8221; background_color=&#8221;RGBA(255,255,255,0)&#8221; background_image=&#8221;https:\/\/www.lima.cat\/wp-content\/uploads\/2023\/05\/home-lima.jpg&#8221; height=&#8221;100vh&#8221; custom_padding=&#8221;60vh||||false|false&#8221; animation_style=&#8221;fade&#8221; hover_enabled=&#8221;0&#8243; title_text_shadow_style=&#8221;preset3&#8243; title_text_shadow_blur_strength=&#8221;0.13em&#8221; title_text_shadow_color=&#8221;#000000&#8243; global_colors_info=&#8221;{}&#8221; title_text=&#8221;home-lima&#8221; sticky_enabled=&#8221;0&#8243;]<\/p>\n<h1>Minimizing<\/h1>\n<h1>environmental impacts<\/h1>\n<h1>for a better tomorrow<\/h1>\n<p>[\/et_pb_fullwidth_header][\/et_pb_section][et_pb_section fb_built=&#8221;1&#8243; admin_label=&#8221;Serveis home&#8221; _builder_version=&#8221;4.21.0&#8243; custom_padding=&#8221;120px||120px||false|false&#8221; locked=&#8221;off&#8221; global_colors_info=&#8221;{}&#8221;][et_pb_row column_structure=&#8221;1_3,1_3,1_3&#8243; make_equal=&#8221;on&#8221; _builder_version=&#8221;4.16&#8243; _module_preset=&#8221;default&#8221; height=&#8221;380px&#8221; global_colors_info=&#8221;{}&#8221;][et_pb_column type=&#8221;1_3&#8243; _builder_version=&#8221;4.16&#8243; _dynamic_attributes=&#8221;link_option_url&#8221; _module_preset=&#8221;default&#8221; link_option_url=&#8221;@ET-DC@eyJkeW5hbWljIjp0cnVlLCJjb250ZW50IjoicG9zdF9saW5rX3VybF9wYWdlIiwic2V0dGluZ3MiOnsicG9zdF9pZCI6IjExIn19@&#8221; global_colors_info=&#8221;{}&#8221; transform_styles__hover_enabled=&#8221;on|hover&#8221; transform_scale__hover_enabled=&#8221;on|hover&#8221; transform_translate__hover_enabled=&#8221;on|desktop&#8221; transform_rotate__hover_enabled=&#8221;on|hover&#8221; transform_skew__hover_enabled=&#8221;on|desktop&#8221; transform_origin__hover_enabled=&#8221;on|desktop&#8221;][et_pb_cta title=&#8221;Edificis d\u2019impacte clim\u00e0tic positiu&#8221; button_text=&#8221;Click Here&#8221; _builder_version=&#8221;4.16&#8243; _dynamic_attributes=&#8221;link_option_url&#8221; _module_preset=&#8221;default&#8221; header_level=&#8221;h1&#8243; header_font=&#8221;|800|||||||&#8221; header_text_color=&#8221;#000000&#8243; header_font_size=&#8221;30px&#8221; body_text_color=&#8221;#FFFFFF&#8221; body_font_size=&#8221;16px&#8221; background_color=&#8221;gcid-fdebbbfa-2b46-4137-89ef-b21413af0365&#8243; background_image=&#8221;https:\/\/www.lima.cat\/wp-content\/uploads\/2023\/04\/LIMA-Climate-Positive-Buildings-home-1-1024&#215;576.jpg&#8221; background_blend=&#8221;screen&#8221; background_layout=&#8221;light&#8221; height=&#8221;100%&#8221; link_option_url=&#8221;@ET-DC@eyJkeW5hbWljIjp0cnVlLCJjb250ZW50IjoicG9zdF9saW5rX3VybF9wYWdlIiwic2V0dGluZ3MiOnsicG9zdF9pZCI6IjExIn19@&#8221; global_colors_info=&#8221;{%22gcid-5e10824f-1b35-43a6-90a7-9563a717d72c%22:%91%22background_color__hover%22,%22background_color__hover%22%93,%22gcid-fdebbbfa-2b46-4137-89ef-b21413af0365%22:%91%22background_color%22,%22background_color%22%93}&#8221; background_color__hover=&#8221;#c76520&#8243; background_enable_color__hover=&#8221;on&#8221; title__hover_enabled=&#8221;on|hover&#8221; content__hover_enabled=&#8221;on|hover&#8221; title__hover=&#8221;Edificis d\u2019impacte clim\u00e0tic positiu&#8221; content__hover=&#8221;<\/p>\n<p><span>Arquitectura i enginyeria en el disseny i construcci\u00f3 d\u2019edificis d\u2019energia positiva, saludables i de zero impacte ambiental, adaptats al clima Mediterrani<\/span>.<\/p>\n<p>&#8221; background_image__hover=&#8221;&#8221; background_enable_image__hover=&#8221;off&#8221; header_text_color__hover=&#8221;#000000&#8243; header_text_color__hover_enabled=&#8221;on|hover&#8221; background__hover_enabled=&#8221;on|hover&#8221; body_text_color__hover=&#8221;#FFFFFF&#8221; body_text_color__hover_enabled=&#8221;on|desktop&#8221; parallax__hover=&#8221;off&#8221; background_size__hover=&#8221;initial&#8221;]<\/p>\n<p>&nbsp;<\/p>\n<p>&nbsp;<\/p>\n<p>&nbsp;<\/p>\n<p>&nbsp;<\/p>\n<p>[\/et_pb_cta][\/et_pb_column][et_pb_column type=&#8221;1_3&#8243; _builder_version=&#8221;4.16&#8243; _dynamic_attributes=&#8221;link_option_url&#8221; _module_preset=&#8221;default&#8221; link_option_url=&#8221;@ET-DC@eyJkeW5hbWljIjp0cnVlLCJjb250ZW50IjoicG9zdF9saW5rX3VybF9wYWdlIiwic2V0dGluZ3MiOnsicG9zdF9pZCI6IjczNiJ9fQ==@&#8221; global_colors_info=&#8221;{%22gcid-e3bd0dac-c1fb-4817-a3ea-c687b5264e8c%22:%91%22background_color%22%93}&#8221;][et_pb_cta title=&#8221;Empoderament i participaci\u00f3&#8221; button_text=&#8221;Click Here&#8221; content_last_edited=&#8221;off|desktop&#8221; _builder_version=&#8221;4.16&#8243; _dynamic_attributes=&#8221;link_option_url&#8221; _module_preset=&#8221;default&#8221; header_level=&#8221;h1&#8243; header_font=&#8221;|800|||||||&#8221; header_text_color=&#8221;#000000&#8243; header_font_size=&#8221;30px&#8221; body_text_color=&#8221;#FFFFFF&#8221; body_font_size=&#8221;16px&#8221; background_color=&#8221;gcid-e3bd0dac-c1fb-4817-a3ea-c687b5264e8c&#8221; background_image=&#8221;https:\/\/www.lima.cat\/wp-content\/uploads\/2023\/04\/LIMA-Empowerment-and-engagement-_02-1024&#215;684.jpeg&#8221; background_blend=&#8221;screen&#8221; background_layout=&#8221;light&#8221; height=&#8221;100%&#8221; link_option_url=&#8221;@ET-DC@eyJkeW5hbWljIjp0cnVlLCJjb250ZW50IjoicG9zdF9saW5rX3VybF9wYWdlIiwic2V0dGluZ3MiOnsicG9zdF9pZCI6IjczNiJ9fQ==@&#8221; global_colors_info=&#8221;{%22gcid-5e10824f-1b35-43a6-90a7-9563a717d72c%22:%91%22background_color__hover%22,%22background_color__hover%22%93,%22gcid-e3bd0dac-c1fb-4817-a3ea-c687b5264e8c%22:%91%22background_color%22%93}&#8221; background_color__hover=&#8221;#c76520&#8243; background_enable_color__hover=&#8221;on&#8221; background_enable_image__hover=&#8221;off&#8221; content__hover_enabled=&#8221;on|hover&#8221; background_size__hover=&#8221;initial&#8221; header_text_color__hover=&#8221;#000000&#8243; header_text_color__hover_enabled=&#8221;on|hover&#8221; background__hover_enabled=&#8221;on|hover&#8221; body_text_color__hover=&#8221;#FFFFFF&#8221; body_text_color__hover_enabled=&#8221;on|desktop&#8221; parallax__hover=&#8221;off&#8221; content__hover=&#8221;<\/p>\n<p><span>Sensibilitzaci\u00f3 en sostenibilitat en entorns constru\u00efts, i capacitaci\u00f3 per a l\u2019empoderament de les comunitats locals i els usuaris finals.<\/span><\/p>\n<p>&#8220;][\/et_pb_cta][\/et_pb_column][et_pb_column type=&#8221;1_3&#8243; _builder_version=&#8221;4.16&#8243; _dynamic_attributes=&#8221;link_option_url&#8221; _module_preset=&#8221;default&#8221; link_option_url=&#8221;@ET-DC@eyJkeW5hbWljIjp0cnVlLCJjb250ZW50IjoicG9zdF9saW5rX3VybF9wYWdlIiwic2V0dGluZ3MiOnsicG9zdF9pZCI6IjI0MCJ9fQ==@&#8221; global_colors_info=&#8221;{}&#8221;][et_pb_cta title=&#8221;Comunicaci\u00f3 cient\u00edfica&#8221; _builder_version=&#8221;4.16&#8243; _dynamic_attributes=&#8221;link_option_url&#8221; _module_preset=&#8221;default&#8221; header_level=&#8221;h1&#8243; header_font=&#8221;|800|||||||&#8221; header_text_color=&#8221;#000000&#8243; header_font_size=&#8221;30px&#8221; body_text_color=&#8221;#FFFFFF&#8221; body_font_size=&#8221;16px&#8221; background_color=&#8221;gcid-fdebbbfa-2b46-4137-89ef-b21413af0365&#8243; background_image=&#8221;https:\/\/www.lima.cat\/wp-content\/uploads\/2023\/04\/LIMA-Scientific-communication-_01-1024&#215;683.jpeg&#8221; background_blend=&#8221;screen&#8221; background_layout=&#8221;light&#8221; height=&#8221;100%&#8221; link_option_url=&#8221;@ET-DC@eyJkeW5hbWljIjp0cnVlLCJjb250ZW50IjoicG9zdF9saW5rX3VybF9wYWdlIiwic2V0dGluZ3MiOnsicG9zdF9pZCI6IjI0MCJ9fQ==@&#8221; global_colors_info=&#8221;{%22gcid-5e10824f-1b35-43a6-90a7-9563a717d72c%22:%91%22background_color__hover%22%93,%22gcid-fdebbbfa-2b46-4137-89ef-b21413af0365%22:%91%22background_color%22%93}&#8221; background_color__hover=&#8221;#c76520&#8243; background_enable_color__hover=&#8221;on&#8221; body_text_color__hover_enabled=&#8221;on|desktop&#8221; background__hover_enabled=&#8221;on|hover&#8221; parallax__hover=&#8221;off&#8221; background_size__hover=&#8221;initial&#8221; background_image__hover=&#8221;&#8221; background_enable_image__hover=&#8221;off&#8221; content__hover_enabled=&#8221;on|desktop&#8221; content__hover=&#8221;<\/p>\n<p><span>Comunicaci\u00f3 i difusi\u00f3 de solucions sostenibles i estrat\u00e8gies innovadores en projectes de recerca.<\/span><\/p>\n<p>&#8221; header_text_color__hover_enabled=&#8221;on|hover&#8221; header_text_color__hover=&#8221;#000000&#8243; body_text_color__hover=&#8221;#FFFFFF&#8221; title__hover_enabled=&#8221;on|hover&#8221; title__hover=&#8221;Comunicaci\u00f3 cient\u00edfica&#8221;][\/et_pb_cta][\/et_pb_column][\/et_pb_row][\/et_pb_section][et_pb_section fb_built=&#8221;1&#8243; _builder_version=&#8221;4.16&#8243; _module_preset=&#8221;default&#8221; background_color=&#8221;gcid-327897e4-8aea-4d1c-9136-8ab3cb8aef12&#8243; global_colors_info=&#8221;{%22gcid-327897e4-8aea-4d1c-9136-8ab3cb8aef12%22:%91%22background_color%22%93}&#8221;][et_pb_row column_structure=&#8221;1_3,2_3&#8243; _builder_version=&#8221;4.16&#8243; _module_preset=&#8221;default&#8221; global_colors_info=&#8221;{}&#8221;][et_pb_column type=&#8221;1_3&#8243; _builder_version=&#8221;4.16&#8243; _module_preset=&#8221;default&#8221; global_colors_info=&#8221;{}&#8221;][et_pb_code _builder_version=&#8221;4.21.0&#8243; _module_preset=&#8221;default&#8221; global_colors_info=&#8221;{}&#8221;]<a class=\"twitter-timeline\" data-height=\"500\" href=\"https:\/\/twitter.com\/LIMA_associacio?ref_src=twsrc%5Etfw\">Tweets de LIMA_associacio<\/a> <script async src=\"https:\/\/platform.twitter.com\/widgets.js\" charset=\"utf-8\"><\/script>[\/et_pb_code][\/et_pb_column][et_pb_column type=&#8221;2_3&#8243; _builder_version=&#8221;4.16&#8243; _module_preset=&#8221;default&#8221; background_color=&#8221;#FFFFFF&#8221; border_radii=&#8221;on|12px|12px|12px|12px&#8221; global_colors_info=&#8221;{}&#8221;][et_pb_post_slider include_categories=&#8221;26&#8243; more_text=&#8221;Continua llegint\u2026&#8221; show_meta=&#8221;off&#8221; use_bg_overlay=&#8221;off&#8221; use_text_overlay=&#8221;on&#8221; _builder_version=&#8221;4.21.0&#8243; _module_preset=&#8221;default&#8221; header_text_color=&#8221;gcid-5e10824f-1b35-43a6-90a7-9563a717d72c&#8221; body_font_size=&#8221;16px&#8221; background_color=&#8221;gcid-e3bd0dac-c1fb-4817-a3ea-c687b5264e8c&#8221; background_blend=&#8221;multiply&#8221; custom_button=&#8221;on&#8221; button_text_size=&#8221;16px&#8221; button_text_color=&#8221;gcid-5e10824f-1b35-43a6-90a7-9563a717d72c&#8221; button_bg_color=&#8221;#FFFFFF&#8221; button_border_radius=&#8221;9px&#8221; background_layout=&#8221;light&#8221; height=&#8221;500px&#8221; custom_padding=&#8221;60px|||||&#8221; global_colors_info=&#8221;{%22gcid-5e10824f-1b35-43a6-90a7-9563a717d72c%22:%91%22header_text_color%22,%22button_text_color%22%93,%22gcid-e3bd0dac-c1fb-4817-a3ea-c687b5264e8c%22:%91%22background_color%22,%22bg_overlay_color%22%93}&#8221; button_text_color__hover_enabled=&#8221;on|desktop&#8221; button_bg_color__hover_enabled=&#8221;on|desktop&#8221; button_text_color__hover=&#8221;#FFFFFF&#8221; button_bg_color__hover=&#8221;#000000&#8243; button_bg_enable_color__hover=&#8221;on&#8221;][\/et_pb_post_slider][\/et_pb_column][\/et_pb_row][\/et_pb_section][et_pb_section fb_built=&#8221;1&#8243; disabled_on=&#8221;on|on|on&#8221; _builder_version=&#8221;4.16&#8243; _module_preset=&#8221;default&#8221; background_color=&#8221;gcid-327897e4-8aea-4d1c-9136-8ab3cb8aef12&#8243; disabled=&#8221;on&#8221; locked=&#8221;off&#8221; global_colors_info=&#8221;{%22gcid-327897e4-8aea-4d1c-9136-8ab3cb8aef12%22:%91%22background_color%22%93}&#8221;][et_pb_row column_structure=&#8221;1_6,1_6,1_6,1_6,1_6,1_6&#8243; make_equal=&#8221;on&#8221; _builder_version=&#8221;4.16&#8243; _module_preset=&#8221;default&#8221; global_colors_info=&#8221;{}&#8221;][et_pb_column type=&#8221;1_6&#8243; _builder_version=&#8221;4.16&#8243; _module_preset=&#8221;default&#8221; global_colors_info=&#8221;{}&#8221;][et_pb_blurb image=&#8221;https:\/\/www.lima.cat\/wp-content\/uploads\/2023\/04\/lima-foundation-250px-bn-150&#215;150.png&#8221; _builder_version=&#8221;4.16&#8243; _dynamic_attributes=&#8221;link_option_url&#8221; _module_preset=&#8221;default&#8221; header_level=&#8221;h1&#8243; header_font=&#8221;|800|||||||&#8221; header_text_align=&#8221;center&#8221; header_text_color=&#8221;#FFFFFF&#8221; background_color=&#8221;#000000&#8243; background_enable_image=&#8221;off&#8221; background_size=&#8221;initial&#8221; text_orientation=&#8221;center&#8221; background_layout=&#8221;dark&#8221; height=&#8221;100%&#8221; custom_padding=&#8221;30px|30px|30px|30px|true|true&#8221; link_option_url=&#8221;@ET-DC@eyJkeW5hbWljIjp0cnVlLCJjb250ZW50IjoicG9zdF9saW5rX3VybF9wYWdlIiwic2V0dGluZ3MiOnsicG9zdF9pZCI6IjE0MjkifX0=@&#8221; global_colors_info=&#8221;{%22gcid-5e10824f-1b35-43a6-90a7-9563a717d72c%22:%91%22background_color__hover%22%93}&#8221; image__hover_enabled=&#8221;on|hover&#8221; image__hover=&#8221;https:\/\/www.lima.cat\/wp-content\/uploads\/2023\/04\/lima-foundation-250px-150&#215;150.png&#8221; background_layout__hover_enabled=&#8221;off|hover&#8221; background__hover_enabled=&#8221;on|hover&#8221; background_color__hover=&#8221;#c76520&#8243; background_enable_color__hover=&#8221;on&#8221;][\/et_pb_blurb][\/et_pb_column][et_pb_column type=&#8221;1_6&#8243; _builder_version=&#8221;4.16&#8243; _module_preset=&#8221;default&#8221; global_colors_info=&#8221;{}&#8221;][et_pb_blurb image=&#8221;https:\/\/www.lima.cat\/wp-content\/uploads\/2023\/04\/projecte-eplaneth-250px-bn-150&#215;150.png&#8221; _builder_version=&#8221;4.16&#8243; _dynamic_attributes=&#8221;link_option_url&#8221; _module_preset=&#8221;default&#8221; header_level=&#8221;h1&#8243; header_font=&#8221;|800|||||||&#8221; header_text_align=&#8221;center&#8221; header_text_color=&#8221;#FFFFFF&#8221; background_color=&#8221;gcid-a76fe65c-7fd8-4839-a8e3-22cfb5246b7c&#8221; background_enable_image=&#8221;off&#8221; background_size=&#8221;initial&#8221; text_orientation=&#8221;center&#8221; background_layout=&#8221;dark&#8221; height=&#8221;100%&#8221; custom_padding=&#8221;30px|30px|30px|30px|true|true&#8221; link_option_url=&#8221;@ET-DC@eyJkeW5hbWljIjp0cnVlLCJjb250ZW50IjoicG9zdF9saW5rX3VybF9wYWdlIiwic2V0dGluZ3MiOnsicG9zdF9pZCI6Ijk5NiJ9fQ==@&#8221; global_colors_info=&#8221;{%22gcid-a76fe65c-7fd8-4839-a8e3-22cfb5246b7c%22:%91%22background_color%22%93,%22gcid-5e10824f-1b35-43a6-90a7-9563a717d72c%22:%91%22background_color__hover%22%93}&#8221; image__hover_enabled=&#8221;on|hover&#8221; image__hover=&#8221;https:\/\/www.lima.cat\/wp-content\/uploads\/2022\/02\/projecte-eplaneth-250px-150&#215;150.png&#8221; background_layout__hover_enabled=&#8221;off|hover&#8221; background__hover_enabled=&#8221;on|hover&#8221; background_color__hover=&#8221;#c76520&#8243; background_enable_color__hover=&#8221;on&#8221;][\/et_pb_blurb][\/et_pb_column][et_pb_column type=&#8221;1_6&#8243; _builder_version=&#8221;4.16&#8243; _module_preset=&#8221;default&#8221; global_colors_info=&#8221;{}&#8221;][et_pb_blurb image=&#8221;https:\/\/www.lima.cat\/wp-content\/uploads\/2023\/04\/projecte-progetone-250px-bn-150&#215;150.png&#8221; _builder_version=&#8221;4.16&#8243; _dynamic_attributes=&#8221;link_option_url&#8221; _module_preset=&#8221;default&#8221; header_level=&#8221;h1&#8243; header_font=&#8221;|800|||||||&#8221; header_text_align=&#8221;center&#8221; header_text_color=&#8221;#FFFFFF&#8221; background_color=&#8221;gcid-a76fe65c-7fd8-4839-a8e3-22cfb5246b7c&#8221; background_enable_image=&#8221;off&#8221; background_size=&#8221;initial&#8221; text_orientation=&#8221;center&#8221; background_layout=&#8221;dark&#8221; height=&#8221;100%&#8221; custom_padding=&#8221;30px|30px|30px|30px|true|true&#8221; link_option_url=&#8221;@ET-DC@eyJkeW5hbWljIjp0cnVlLCJjb250ZW50IjoicG9zdF9saW5rX3VybF9wYWdlIiwic2V0dGluZ3MiOnsicG9zdF9pZCI6IjIyMCJ9fQ==@&#8221; global_colors_info=&#8221;{%22gcid-a76fe65c-7fd8-4839-a8e3-22cfb5246b7c%22:%91%22background_color%22%93,%22gcid-5e10824f-1b35-43a6-90a7-9563a717d72c%22:%91%22background_color__hover%22%93}&#8221; image__hover_enabled=&#8221;on|hover&#8221; image__hover=&#8221;https:\/\/www.lima.cat\/wp-content\/uploads\/2022\/02\/projecte-progetone-250px-150&#215;150.png&#8221; background_layout__hover_enabled=&#8221;off|hover&#8221; background__hover_enabled=&#8221;on|hover&#8221; background_color__hover=&#8221;#c76520&#8243; background_enable_color__hover=&#8221;on&#8221;][\/et_pb_blurb][\/et_pb_column][et_pb_column type=&#8221;1_6&#8243; _builder_version=&#8221;4.16&#8243; _module_preset=&#8221;default&#8221; global_colors_info=&#8221;{}&#8221;][et_pb_blurb image=&#8221;https:\/\/www.lima.cat\/wp-content\/uploads\/2023\/04\/projecte-vilawatt-250px-bn-150&#215;150.png&#8221; _builder_version=&#8221;4.16&#8243; _dynamic_attributes=&#8221;link_option_url&#8221; _module_preset=&#8221;default&#8221; header_level=&#8221;h1&#8243; header_font=&#8221;|800|||||||&#8221; header_text_align=&#8221;center&#8221; header_text_color=&#8221;#FFFFFF&#8221; background_color=&#8221;#000000&#8243; background_enable_image=&#8221;off&#8221; background_size=&#8221;initial&#8221; text_orientation=&#8221;center&#8221; background_layout=&#8221;dark&#8221; height=&#8221;100%&#8221; custom_padding=&#8221;30px|30px|30px|30px|true|true&#8221; link_option_url=&#8221;@ET-DC@eyJkeW5hbWljIjp0cnVlLCJjb250ZW50IjoicG9zdF9saW5rX3VybF9wYWdlIiwic2V0dGluZ3MiOnsicG9zdF9pZCI6IjIxNCJ9fQ==@&#8221; global_colors_info=&#8221;{%22gcid-5e10824f-1b35-43a6-90a7-9563a717d72c%22:%91%22background_color__hover%22%93}&#8221; image__hover_enabled=&#8221;on|hover&#8221; image__hover=&#8221;https:\/\/www.lima.cat\/wp-content\/uploads\/2022\/02\/projecte-vilawatt-250px-150&#215;150.png&#8221; background_layout__hover_enabled=&#8221;off|hover&#8221; background__hover_enabled=&#8221;on|hover&#8221; background_color__hover=&#8221;#c76520&#8243; background_enable_color__hover=&#8221;on&#8221;][\/et_pb_blurb][\/et_pb_column][et_pb_column type=&#8221;1_6&#8243; _builder_version=&#8221;4.16&#8243; _module_preset=&#8221;default&#8221; global_colors_info=&#8221;{}&#8221;][et_pb_blurb image=&#8221;https:\/\/www.lima.cat\/wp-content\/uploads\/2023\/04\/projecte-marie-250px-bn-150&#215;150.png&#8221; _builder_version=&#8221;4.16&#8243; _dynamic_attributes=&#8221;link_option_url&#8221; _module_preset=&#8221;default&#8221; header_level=&#8221;h1&#8243; header_font=&#8221;|800|||||||&#8221; header_text_align=&#8221;center&#8221; header_text_color=&#8221;#FFFFFF&#8221; background_color=&#8221;gcid-a76fe65c-7fd8-4839-a8e3-22cfb5246b7c&#8221; background_enable_image=&#8221;off&#8221; background_size=&#8221;initial&#8221; text_orientation=&#8221;center&#8221; background_layout=&#8221;dark&#8221; height=&#8221;100%&#8221; custom_padding=&#8221;30px|30px|30px|30px|true|true&#8221; link_option_url=&#8221;@ET-DC@eyJkeW5hbWljIjp0cnVlLCJjb250ZW50IjoicG9zdF9saW5rX3VybF9wYWdlIiwic2V0dGluZ3MiOnsicG9zdF9pZCI6IjIyOCJ9fQ==@&#8221; global_colors_info=&#8221;{%22gcid-a76fe65c-7fd8-4839-a8e3-22cfb5246b7c%22:%91%22background_color%22%93,%22gcid-5e10824f-1b35-43a6-90a7-9563a717d72c%22:%91%22background_color__hover%22%93}&#8221; image__hover_enabled=&#8221;on|hover&#8221; image__hover=&#8221;https:\/\/www.lima.cat\/wp-content\/uploads\/2022\/02\/projecte-marie-250px-150&#215;150.png&#8221; background_layout__hover_enabled=&#8221;off|hover&#8221; background__hover_enabled=&#8221;on|hover&#8221; background_color__hover=&#8221;#c76520&#8243; background_enable_color__hover=&#8221;on&#8221;][\/et_pb_blurb][\/et_pb_column][et_pb_column type=&#8221;1_6&#8243; _builder_version=&#8221;4.16&#8243; _module_preset=&#8221;default&#8221; global_colors_info=&#8221;{}&#8221;][et_pb_blurb image=&#8221;https:\/\/www.lima.cat\/wp-content\/uploads\/2023\/04\/projecte-irh-250px-bn-150&#215;150.png&#8221; _builder_version=&#8221;4.16&#8243; _dynamic_attributes=&#8221;link_option_url&#8221; _module_preset=&#8221;default&#8221; header_level=&#8221;h1&#8243; header_font=&#8221;|800|||||||&#8221; header_text_align=&#8221;center&#8221; header_text_color=&#8221;#FFFFFF&#8221; background_color=&#8221;gcid-a76fe65c-7fd8-4839-a8e3-22cfb5246b7c&#8221; background_enable_image=&#8221;off&#8221; background_size=&#8221;initial&#8221; text_orientation=&#8221;center&#8221; background_layout=&#8221;dark&#8221; height=&#8221;100%&#8221; custom_padding=&#8221;30px|30px|30px|30px|true|true&#8221; link_option_url=&#8221;@ET-DC@eyJkeW5hbWljIjp0cnVlLCJjb250ZW50IjoicG9zdF9saW5rX3VybF9wYWdlIiwic2V0dGluZ3MiOnsicG9zdF9pZCI6IjIyNSJ9fQ==@&#8221; global_colors_info=&#8221;{%22gcid-a76fe65c-7fd8-4839-a8e3-22cfb5246b7c%22:%91%22background_color%22%93,%22gcid-5e10824f-1b35-43a6-90a7-9563a717d72c%22:%91%22background_color__hover%22%93}&#8221; image__hover_enabled=&#8221;on|hover&#8221; image__hover=&#8221;https:\/\/www.lima.cat\/wp-content\/uploads\/2022\/02\/projecte-irh-250px-150&#215;150.png&#8221; background_layout__hover_enabled=&#8221;off|hover&#8221; background__hover_enabled=&#8221;on|hover&#8221; background_color__hover=&#8221;#c76520&#8243; background_enable_color__hover=&#8221;on&#8221;][\/et_pb_blurb][\/et_pb_column][\/et_pb_row][\/et_pb_section]<\/p>\n","protected":false},"excerpt":{"rendered":"<p>Minimizing environmental impacts for a better tomorrow&nbsp; &nbsp; &nbsp; &nbsp;<\/p>\n","protected":false},"author":1,"featured_media":0,"parent":0,"menu_order":0,"comment_status":"closed","ping_status":"closed","template":"","meta":{"_et_pb_use_builder":"on","_et_pb_old_content":"","_et_gb_content_width":"","footnotes":""},"class_list":["post-19","page","type-page","status-publish","hentry"],"_links":{"self":[{"href":"https:\/\/www.lima.cat\/ca\/wp-json\/wp\/v2\/pages\/19","targetHints":{"allow":["GET"]}}],"collection":[{"href":"https:\/\/www.lima.cat\/ca\/wp-json\/wp\/v2\/pages"}],"about":[{"href":"https:\/\/www.lima.cat\/ca\/wp-json\/wp\/v2\/types\/page"}],"author":[{"embeddable":true,"href":"https:\/\/www.lima.cat\/ca\/wp-json\/wp\/v2\/users\/1"}],"replies":[{"embeddable":true,"href":"https:\/\/www.lima.cat\/ca\/wp-json\/wp\/v2\/comments?post=19"}],"version-history":[{"count":119,"href":"https:\/\/www.lima.cat\/ca\/wp-json\/wp\/v2\/pages\/19\/revisions"}],"predecessor-version":[{"id":2139,"href":"https:\/\/www.lima.cat\/ca\/wp-json\/wp\/v2\/pages\/19\/revisions\/2139"}],"wp:attachment":[{"href":"https:\/\/www.lima.cat\/ca\/wp-json\/wp\/v2\/media?parent=19"}],"curies":[{"name":"wp","href":"https:\/\/api.w.org\/{rel}","templated":true}]}}